{"id":623,"date":"2018-07-14T09:55:36","date_gmt":"2018-07-14T09:55:36","guid":{"rendered":"http:\/\/www.romanopisciotti.com\/?page_id=623"},"modified":"2021-05-14T22:15:44","modified_gmt":"2021-05-14T22:15:44","slug":"racconti","status":"publish","type":"page","link":"https:\/\/www.romanopisciotti.com\/index.php\/racconti\/","title":{"rendered":"RACCONTI"},"content":{"rendered":"<blockquote class=\"wp-embedded-content\" data-secret=\"07KvPWOLxR\"><p><a href=\"https:\/\/www.romanopisciotti.com\/index.php\/2021\/05\/09\/leggera-risacca\/\">Leggera risacca<\/a><\/p><\/blockquote>\n<p><iframe loading=\"lazy\" class=\"wp-embedded-content\" sandbox=\"allow-scripts\" security=\"restricted\" style=\"position: absolute; clip: rect(1px, 1px, 1px, 1px);\" title=\"&#8220;Leggera risacca&#8221; &#8212; Romano Pisciotti Industrial &amp; Business Management\" src=\"https:\/\/www.romanopisciotti.com\/index.php\/2021\/05\/09\/leggera-risacca\/embed\/#?secret=Zbam9mk04g#?secret=07KvPWOLxR\" data-secret=\"07KvPWOLxR\" width=\"600\" height=\"338\" frameborder=\"0\" marginwidth=\"0\" marginheight=\"0\" scrolling=\"no\"><\/iframe><\/p>\n<blockquote class=\"wp-embedded-content\" data-secret=\"BsWAMsf8oQ\"><p><a href=\"https:\/\/www.romanopisciotti.com\/index.php\/2020\/08\/23\/vento-coraggio\/\">Vento &#038; Coraggio<\/a><\/p><\/blockquote>\n<p><iframe loading=\"lazy\" class=\"wp-embedded-content\" sandbox=\"allow-scripts\" security=\"restricted\" style=\"position: absolute; clip: rect(1px, 1px, 1px, 1px);\" title=\"&#8220;Vento &#038; Coraggio&#8221; &#8212; Romano Pisciotti Industrial &amp; Business Management\" src=\"https:\/\/www.romanopisciotti.com\/index.php\/2020\/08\/23\/vento-coraggio\/embed\/#?secret=JAEt8K6Au2#?secret=BsWAMsf8oQ\" data-secret=\"BsWAMsf8oQ\" width=\"600\" height=\"338\" frameborder=\"0\" marginwidth=\"0\" marginheight=\"0\" scrolling=\"no\"><\/iframe><\/p>\n<p>SALUTI DA LOANO<\/p>\n<p><a href=\"http:\/\/www.romanopisciotti.com\/wp-content\/uploads\/2018\/07\/Agave.jpg\"><img loading=\"lazy\" decoding=\"async\" class=\"size-medium wp-image-651\" src=\"http:\/\/www.romanopisciotti.com\/wp-content\/uploads\/2018\/07\/Agave-298x300.jpg\" alt=\"\" width=\"298\" height=\"300\" srcset=\"https:\/\/www.romanopisciotti.com\/wp-content\/uploads\/2018\/07\/Agave-298x300.jpg 298w, https:\/\/www.romanopisciotti.com\/wp-content\/uploads\/2018\/07\/Agave-150x150.jpg 150w, https:\/\/www.romanopisciotti.com\/wp-content\/uploads\/2018\/07\/Agave-768x773.jpg 768w, https:\/\/www.romanopisciotti.com\/wp-content\/uploads\/2018\/07\/Agave.jpg 957w\" sizes=\"auto, (max-width: 298px) 100vw, 298px\" \/><\/a><\/p>\n<p>In Settembre andavamo a Loano, erano gli anni &#8217;50.<br \/>\nNella stazione di Genova il locomotore milanese lasciava il posto a una nera locomotiva a vapore: fischi, fumo e fuliggine.<br \/>\nIncantato, riuscivo a scorgere il porto, le bianche navi con il tricolore dipinto sul fumaiolo\u2026 poi, gallerie interminabili, inghiottivano la luce con i sogni da marinaio.<\/p>\n<p>La mamma non mi lasciava stare con la testa fuori: &#8220;\u00c8 pericoloso!&#8221;. Con mio cuginetto stavamo aggrappati a quel finestrino che odorava d&#8217;ottone e carbone: aspettavamo, tra una galleria e l&#8217;altra, di poter vedere il mare delle vacanze.<br \/>\nFinalmente, pi\u00f9 sotto le rocce, tra il verde intenso di un\u2019immensa agave appuntita e i tronchi pelosi di palme che promettevano avventure, s&#8217;intravedeva uno scintillio di sole sull&#8217;atteso azzurro: &#8220;Mamma, il mare!\u201d<\/p>\n<p>Sono diventato Capitano di Lungo Corso e dirigente d\u2019industria, ne sono passati di anni da quelle vacanze in Liguria!<br \/>\nHo cullato i miei sogni su onde gentili e affrontato marosi feroci, dal ponte di una nave come nella vita. Ho ammirato il sublime ripetersi di notti stellate e ho visto il fuoco di luna sorgere dal mare. Ho viaggiato nel mondo visitando paesi e genti, mischiando usi, odori, fatiche, gioie, vittorie e sconfitte. Ho navigato e sorvolato oceani e\u2026 anni.<br \/>\nLa vita mi ha cambiato per pi\u00f9 volte la pelle, ma non il cuore o l\u2019anima.<\/p>\n<p>Hanno sradicato quella ferrovia lungo la scogliera, \u00e8 scomparso l\u2019odore nero del carbone e con esso, purtroppo, anche il profumo pungente della pineta.<br \/>\nI bianchi transatlantici sono salpati verso il paese della nostalgia, per viaggi senza ritorno.<br \/>\nAncora conservo una cartolina di quel mare azzurro: \u201cSaluti da Loano\u201d.<\/p>\n<p>Romano Pisciotti<\/p>\n<figure id=\"attachment_647\" aria-describedby=\"caption-attachment-647\" style=\"width: 300px\" class=\"wp-caption alignnone\"><a href=\"http:\/\/www.romanopisciotti.com\/wp-content\/uploads\/2018\/07\/Loano.png\"><img loading=\"lazy\" decoding=\"async\" class=\"size-medium wp-image-647\" src=\"http:\/\/www.romanopisciotti.com\/wp-content\/uploads\/2018\/07\/Loano-300x205.png\" alt=\"\" width=\"300\" height=\"205\" srcset=\"https:\/\/www.romanopisciotti.com\/wp-content\/uploads\/2018\/07\/Loano-300x205.png 300w, https:\/\/www.romanopisciotti.com\/wp-content\/uploads\/2018\/07\/Loano.png 399w\" sizes=\"auto, (max-width: 300px) 100vw, 300px\" \/><\/a><figcaption id=\"caption-attachment-647\" class=\"wp-caption-text\">Loano<\/figcaption><\/figure>\n<p>&nbsp;<\/p>\n<p>GUARDIAMO DI PRORA<\/p>\n<p>Avevamo vent\u2019anni, poco pi\u00f9 o poco meno, quando prendemmo il mare: ne sono passati di anni, di gioie, delusioni, amori, sogni e vittorie&#8230; \u00e8 cambiato il mondo e il Paese. Sono cambiate le navi. Siamo cambiati noi, nel fisico e nel pensiero: vecchi e maturi. La nostalgia ha preso il posto dello slancio; l\u2019esperienza ha frenato l\u2019irruenza e l\u2019impazienza.<br \/>\nPensando all\u2019inventario della nostra vita, sapendo che altro dovremo vivere, lasciamo i ricordi al loro posto come medaglie sulla bandiera o&#8230;rimpianti e lacrime per ci\u00f2 che avremmo voluto fare e per chi abbiamo dovuto salutare.<br \/>\nIn gola il sapore di quel fumo denso e sulle labbra il salmastro di tiepide brezze; nel cuore il battito dei motori e il volo dei gabbiani.<br \/>\nCi rassicura l\u2019aver attraversato sia nere tempeste che la sconcertante vivida luce del mare piatto.<br \/>\nSappiamo che intorno a noi ben poco \u00e8 rimasto com\u2019era: meglio o peggio che sia, ma senza aver perso l\u2019abitudine, guardiamo di prora!<\/p>\n<p>Romano Pisciotti<\/p>\n<figure id=\"attachment_627\" aria-describedby=\"caption-attachment-627\" style=\"width: 300px\" class=\"wp-caption alignnone\"><a href=\"http:\/\/www.romanopisciotti.com\/wp-content\/uploads\/2018\/07\/Mare-e-luce.jpg\"><img loading=\"lazy\" decoding=\"async\" class=\"size-medium wp-image-627\" src=\"http:\/\/www.romanopisciotti.com\/wp-content\/uploads\/2018\/07\/Mare-e-luce-300x225.jpg\" alt=\"\" width=\"300\" height=\"225\" srcset=\"https:\/\/www.romanopisciotti.com\/wp-content\/uploads\/2018\/07\/Mare-e-luce-300x225.jpg 300w, https:\/\/www.romanopisciotti.com\/wp-content\/uploads\/2018\/07\/Mare-e-luce.jpg 530w\" sizes=\"auto, (max-width: 300px) 100vw, 300px\" \/><\/a><figcaption id=\"caption-attachment-627\" class=\"wp-caption-text\">Mare e luce<\/figcaption><\/figure>\n<p>&nbsp;<\/p>\n<p>GENERAZIONE CAROSELLO<\/p>\n<p><a href=\"http:\/\/www.romanopisciotti.com\/wp-content\/uploads\/2018\/07\/Giuramento.jpg\"><img loading=\"lazy\" decoding=\"async\" class=\"size-medium wp-image-628\" src=\"http:\/\/www.romanopisciotti.com\/wp-content\/uploads\/2018\/07\/Giuramento-225x300.jpg\" alt=\"\" width=\"225\" height=\"300\" srcset=\"https:\/\/www.romanopisciotti.com\/wp-content\/uploads\/2018\/07\/Giuramento-225x300.jpg 225w, https:\/\/www.romanopisciotti.com\/wp-content\/uploads\/2018\/07\/Giuramento.jpg 530w\" sizes=\"auto, (max-width: 225px) 100vw, 225px\" \/><\/a><\/p>\n<p>Nel 1977, mentre noi entravamo in Accademia, Carosello chiudeva i battenti. Un evento che fa sorridere o fa pensare: noi siamo della generazione che&#8230;.\u00e8 andata a letto dopo Carosello!!<br \/>\nApparentemente, a decretare la fine di quel singolare programma fu la necessit\u00e0 di rinnovare una formula nata vent\u2019anni prima; per coincidenza, da l\u00ec in poi, ci siamo messi a correre: senza pi\u00f9 le pause contro lo stress, raccomandate dal buon Calindri o la divertente filosofia del pirata Pacioccone.<br \/>\nTutto \u00e8 cambiato. I nostri figli e nipoti, hanno strumenti che noi neppure potevamo immaginare; io mi vanto di aver usato, come strumento, il sestante. Sono felice d\u2019essermi fermato per cercare le stelle, sentendomi potente nel poter affermare, nel mezzo dell\u2019oceano: \u201csiamo qui!\u201d&#8230; e poi perdermi a guardare il lento e meraviglioso ripetersi del cielo.<br \/>\nSi, il mondo ha corso, si \u00e8 globalizzato \u00e8 diventato piatto.<br \/>\nIn Accademia, lo abbiamo visto, lavorano con lo stupendo simulatore di navigazione &#8230;ben venga l\u2019innovazione, purch\u00e9 non ci si dimentichi, a bordo, di \u201craccare\u201d sottovento !!<br \/>\nIo ho provato un piacere immenso a respirare il naturale profumo dei pini, quell\u2019aria frizzante sul piazzale e ritrovare, rassicurante, il Brigantino: era l\u00ec ad aspettarci con tutti i ricordi.<br \/>\nNella foto di gruppo abbiamo fermato i quarant\u2019anni trascorsi e in quella foto, come in quella d\u2019allora, ci siamo tutti, se guardate bene&#8230;se guardata con il cuore: tutti presenti!!<br \/>\nGenerazione \u201cCarosello\u201d: funziona anche senza Wi-Fi.<br \/>\nViva il Settantaduesimo!!<\/p>\n<p>Romano Pisciotti<\/p>\n<figure id=\"attachment_629\" aria-describedby=\"caption-attachment-629\" style=\"width: 225px\" class=\"wp-caption alignnone\"><a href=\"http:\/\/www.romanopisciotti.com\/wp-content\/uploads\/2018\/07\/Carosello.jpg\"><img loading=\"lazy\" decoding=\"async\" class=\"size-medium wp-image-629\" src=\"http:\/\/www.romanopisciotti.com\/wp-content\/uploads\/2018\/07\/Carosello-225x300.jpg\" alt=\"\" width=\"225\" height=\"300\" srcset=\"https:\/\/www.romanopisciotti.com\/wp-content\/uploads\/2018\/07\/Carosello-225x300.jpg 225w, https:\/\/www.romanopisciotti.com\/wp-content\/uploads\/2018\/07\/Carosello.jpg 265w\" sizes=\"auto, (max-width: 225px) 100vw, 225px\" \/><\/a><figcaption id=\"caption-attachment-629\" class=\"wp-caption-text\">Carosello<\/figcaption><\/figure>\n<figure id=\"attachment_630\" aria-describedby=\"caption-attachment-630\" style=\"width: 224px\" class=\"wp-caption alignnone\"><a href=\"http:\/\/www.romanopisciotti.com\/wp-content\/uploads\/2018\/07\/Livorno-il-brigantino-dellAccademia.jpg\"><img loading=\"lazy\" decoding=\"async\" class=\"size-medium wp-image-630\" src=\"http:\/\/www.romanopisciotti.com\/wp-content\/uploads\/2018\/07\/Livorno-il-brigantino-dellAccademia-224x300.jpg\" alt=\"\" width=\"224\" height=\"300\" srcset=\"https:\/\/www.romanopisciotti.com\/wp-content\/uploads\/2018\/07\/Livorno-il-brigantino-dellAccademia-224x300.jpg 224w, https:\/\/www.romanopisciotti.com\/wp-content\/uploads\/2018\/07\/Livorno-il-brigantino-dellAccademia.jpg 530w\" sizes=\"auto, (max-width: 224px) 100vw, 224px\" \/><\/a><figcaption id=\"caption-attachment-630\" class=\"wp-caption-text\">Livorno- il brigantino dell&#8217;Accademia<\/figcaption><\/figure>\n<p>A LORO RICORDO<\/p>\n<figure id=\"attachment_648\" aria-describedby=\"caption-attachment-648\" style=\"width: 207px\" class=\"wp-caption alignnone\"><a href=\"http:\/\/www.romanopisciotti.com\/wp-content\/uploads\/2018\/07\/A-loro-ricordo.jpg\"><img loading=\"lazy\" decoding=\"async\" class=\"size-medium wp-image-648\" src=\"http:\/\/www.romanopisciotti.com\/wp-content\/uploads\/2018\/07\/A-loro-ricordo-207x300.jpg\" alt=\"\" width=\"207\" height=\"300\" srcset=\"https:\/\/www.romanopisciotti.com\/wp-content\/uploads\/2018\/07\/A-loro-ricordo-207x300.jpg 207w, https:\/\/www.romanopisciotti.com\/wp-content\/uploads\/2018\/07\/A-loro-ricordo-768x1115.jpg 768w, https:\/\/www.romanopisciotti.com\/wp-content\/uploads\/2018\/07\/A-loro-ricordo-705x1024.jpg 705w, https:\/\/www.romanopisciotti.com\/wp-content\/uploads\/2018\/07\/A-loro-ricordo.jpg 1109w\" sizes=\"auto, (max-width: 207px) 100vw, 207px\" \/><\/a><figcaption id=\"caption-attachment-648\" class=\"wp-caption-text\">A loro ricordo<\/figcaption><\/figure>\n<p>Abbiamo frugato nel cassetto della memoria cercando dei visi lucidi, dei corpi flessibili e veloci: la memoria non ha fatto i conti con gli anni, con le tante storie e neppure con la morte. Ci siamo stupiti nel rivedere le prime foto del &#8220;come siamo ora&#8221; e siamo andati allo specchio per il pi\u00f9 classico e segreto raffronto! Lo specchio \u00e8 benevolo e il raffronto ci ha sicuramente confortati.<br \/>\nLa breve rassicurazioni si spegne nel successivo pensiero: &#8220;chi non ha foto nuove?&#8221;<br \/>\nLe loro foto hanno visi pi\u00f9 giovani, per alcuni&#8230;molto pi\u00f9 giovani; tu hai voglia di piangere, mentre loro ti sorridono. Il loro sorriso, la loro gioia&#8230;.sono nel tuo ricordo, nel nostro ricordo.<br \/>\nGridiamo i loro nomi e il fiato che abbiamo in corpo passer\u00e0 come una grattugia sul cuore. Esorcizziamo le nostre paura, il nostro dolore, in una laica comunione viviamo il ricordo, rinnoviamo un giuramento: gridiamo i loro nomi!!!<\/p>\n<p>Romano Pisciotti<\/p>\n<p>&nbsp;<\/p>\n<p>VELE<\/p>\n<p><a href=\"http:\/\/www.romanopisciotti.com\/wp-content\/uploads\/2018\/07\/Ricordi.jpg\"><img loading=\"lazy\" decoding=\"async\" class=\"size-medium wp-image-650\" src=\"http:\/\/www.romanopisciotti.com\/wp-content\/uploads\/2018\/07\/Ricordi-300x215.jpg\" alt=\"\" width=\"300\" height=\"215\" srcset=\"https:\/\/www.romanopisciotti.com\/wp-content\/uploads\/2018\/07\/Ricordi-300x215.jpg 300w, https:\/\/www.romanopisciotti.com\/wp-content\/uploads\/2018\/07\/Ricordi.jpg 546w\" sizes=\"auto, (max-width: 300px) 100vw, 300px\" \/><\/a><\/p>\n<p>Per Natale, i nostri genitori regalarono, a me, una barca giocattolo tipo veliero da competizione, e a mio fratello un barcone a vela allestito come una nave pirata.<\/p>\n<p>Imbacuccati all&#8217;inverosimile, forniti di sciarpa e passamontagna, in un tiepido inverno ligure, giocavamo facendo solcare alle nostre navi le acque della fontana di Loano.<\/p>\n<p>Negli anni &#8217;60, a Loano, c&#8217;era una profumatissima pineta sul mare intorno ad un\u2019enorme fontana circolare; non so cosa sia rimasto della passeggiata a mare, dei suoi profumi e della fontana.<\/p>\n<p>La vasca aveva una sponda talmente bassa che i cuccioli, bambini e cagnolini, potevano giocare insieme e toccare l&#8217;acqua. Qualche bambino, approfittando dell&#8217;impegnato chiacchierio tra mamme e nonne sedute sulle panchine, seguiva in vasca il cucciolo pi\u00f9 esuberante della combriccola: pi\u00f9 che un bagno fuori stagione era solo una bella inzuppata, l&#8217;acqua era profonda solo un paio di spanne. Si trovava sempre l\u2019occasione, magari per recuperare una barca, per cedere alla tentazione di scavalcare il bordo, confine tra sogno e realt\u00e0.<\/p>\n<p>Anche se poco profonda, la vasca ci sembrava enorme ed era abbellita da qualche scoglio emergente, l\u2019ideale per far sognare a noi bambini mari insidiosi e oceani infiniti.<\/p>\n<p>Non vestivamo alla marinara ed eravamo impacciati da sciarpe e cappottini, pi\u00f9 adatti al nebbioso inverno milanese da dove, per qualche giorno, eravamo fuggiti grazie al consiglio del medico di famiglia, il mitico dottor Mastelli: medico della mutua che si adoperava come pediatra, geriatra e \u201cmaresciallo\u201d della salute in tutto il quartiere. In quegli anni, quando possibile, erano consigliate cure naturali, cos\u00ec, con qualche sacrificio, nostra madre organizz\u00f2 una vacanza marina subito dopo Natale, per la convalescenza di qualche malanno infantile o per un miracoloso &#8220;cambiamento d&#8217;aria&#8221;.<\/p>\n<p>Quell&#8217;anno, ebbi l&#8217;occasione di varare la mia barca in fontana!<\/p>\n<p>Ho ricordi dolci e profumati di quella breve vacanza invernale.<\/p>\n<p>Eravamo felici manovrando abilmente lo spago che univa noi alla prua dei nostri sogni.<\/p>\n<p>Il mio veliero poteva esibirsi in spericolate evoluzioni in pieno oceano, il veliero di mio fratello Edo doveva, invece, procedere pi\u00f9 lentamente: la forma tozza e il peso dell&#8217;armamento consigliavano una navigazione pi\u00f9 cauta per evitare l&#8217;allagamento del ponte di coperta; la vela era unica ma enorme e la bandiera pirata issata a riva compensava le ridotte prestazioni con promesse di lunghe traversate ricche d&#8217;avventure e di bottini.<\/p>\n<p>Ripensandoci ora, la barca di mio fratello era una chiatta variopinta pi\u00f9 incline a una tranquilla navigazione sui Navigli e la mia vela non sarebbe stata scelta neppure da Capitan Findus.<\/p>\n<p>Anche qualche collisione con vaporetti a ruota o armatissimi incrociatori di altri bimbi, erano parte di un gioco meraviglioso. L&#8217;intrusione di qualche rimorchiatore con carica a molla ci distraeva dai nostri viaggi, per qualche istante ci fermavamo imbambolati da tanta tecnologia, ma l&#8217;ebrezza delle vele spiegate e della \u201cpropulsione a spago&#8221;, ci faceva tornare subito al nostro posto di comando.<\/p>\n<p>Le nostre barche, la mia e quello di Edoardo, erano per noi bellissime, ma ricordo bene la mia preferenza per la sua nave dei pirati. Mio fratello non reclamava se, spesso, ci scambiavamo i giocattoli.<\/p>\n<p>Edo era un ragazzo &#8220;down&#8221;, \u00e8 rimasto bambino ed \u00e8 morto a quarant&#8217;anni di leucemia devastante, dopo aver subito e sopportato per anni anche il buio progressivo ma definitivo della cecit\u00e0.<\/p>\n<p>La mia barca azzurra \u00e8 stata la libert\u00e0 che il suo cuore avrebbe desiderato. Forse il suo cuore si sarebbe accontentato di meno avventure di quelle che la vita ha offerto a me, si sarebbe accontentato di vivere una vita normale, senza torture.<\/p>\n<p>Con la sua nave pirata ho girato il mondo e, combattendo, ho conquistato, perso e riconquistato tesori luccicanti, ho visitato isole felici e luoghi di sofferenza.<\/p>\n<p>Porto nell&#8217;anima il suo dolcissimo sorriso e quel viso un po&#8217; pacioccone dagli occhi esotici. Conservo i doni dei nostri genitori: il coraggio di mia madre e il silenzioso dolore di mio padre.<\/p>\n<p>Arrivederci Dodino, appuntamento a quella tranquilla fontana dove stai giocando.<\/p>\n<p>Romano<\/p>\n<p>&nbsp;<\/p>\n<p>LA MIA CAPITANA<\/p>\n<p>&nbsp;<\/p>\n<p>Oggi, che pubblico questo racconto, mia madre ha ottantott\u2019anni: fragile, ma in discreta salute grazie anche alle cure di tutti quelli che le stanno vicino.<\/p>\n<p>Pi\u00f9 testarda che sua madre, la mia amatissima nonna Martina, donna forte e coraggiosa, ha sgobbato per regalarmi un\u2019infanzia felice e un continuo sostegno nella vita.<\/p>\n<figure id=\"attachment_1120\" aria-describedby=\"caption-attachment-1120\" style=\"width: 300px\" class=\"wp-caption alignnone\"><a href=\"http:\/\/www.romanopisciotti.com\/wp-content\/uploads\/2018\/07\/Capitana-coraggiosa.jpg\"><img loading=\"lazy\" decoding=\"async\" class=\"size-medium wp-image-1120\" src=\"http:\/\/www.romanopisciotti.com\/wp-content\/uploads\/2018\/07\/Capitana-coraggiosa-300x300.jpg\" alt=\"\" width=\"300\" height=\"300\" srcset=\"https:\/\/www.romanopisciotti.com\/wp-content\/uploads\/2018\/07\/Capitana-coraggiosa-300x300.jpg 300w, https:\/\/www.romanopisciotti.com\/wp-content\/uploads\/2018\/07\/Capitana-coraggiosa-150x150.jpg 150w, https:\/\/www.romanopisciotti.com\/wp-content\/uploads\/2018\/07\/Capitana-coraggiosa-768x768.jpg 768w, https:\/\/www.romanopisciotti.com\/wp-content\/uploads\/2018\/07\/Capitana-coraggiosa-1024x1024.jpg 1024w\" sizes=\"auto, (max-width: 300px) 100vw, 300px\" \/><\/a><figcaption id=\"caption-attachment-1120\" class=\"wp-caption-text\">Capitana coraggiosa<\/figcaption><\/figure>\n<p>&nbsp;<\/p>\n<p><em>A mia Madre,<\/em><\/p>\n<p><em>\u00a0<\/em><\/p>\n<p><em>Mia madre Ivana festeggia oggi, 23 novembre 2015, i suoi ottantasei anni ! <\/em><\/p>\n<p><em>All&#8217;inizio dell&#8217;estate la convinsi di trascorrere con me qualche giorno in Sicilia, impresa non facile vista l&#8217;et\u00e0 e qualche problema di deambulazione. <\/em><\/p>\n<p><em>L&#8217;abbinamento auto-traghetto fu sicuramente la scelta migliore per il viaggio.<\/em><\/p>\n<p><em>Sulla nave &#8220;La Suprema&#8221; prenotammo la cabina definita &#8220;suite presidenziale&#8221;: cabina elegante e confortevole con vista mozzafiato sul Mediterraneo! <\/em><\/p>\n<p><em>La gentilissima disponibilit\u00e0 del personale e la buona organizzazione evitarono ogni affaticamento alla &#8220;giovane&#8221; passeggera! <\/em><\/p>\n<p><em>\u00a0<\/em><\/p>\n<p><em>Ricordo con dolcezza, le ore passate sul piccolo balcone della cabina, sino a notte fonda. Mia madre, ben coperta e comodamente seduta su una poltroncina, rimirava il mare e il cielo, in una notte in cui le stelle avevano deciso di offrirci uno spettacolo meraviglioso. <\/em><\/p>\n<p><em>Fui commosso quando con gioia mi disse di quanto, era felice e che avrebbe voluto dividere questa magica occasione anche con pap\u00e0. Mio padre \u00e8 mancato da pi\u00f9 di dieci anni, il loro \u00e8 stato un matrimonio arrivato alle nozze d&#8217;oro. <\/em><\/p>\n<p><em>Ho abbracciato mia madre.<\/em><\/p>\n<p><em>\u00a0<\/em><\/p>\n<p><em>Non pensiate che abbia voluto raccontare una storia triste, vi ho raccontato una bella storia d&#8217;amore, quella dei miei genitori. Mi piace pensare che quella notte magica abbia avuto &#8230;.un regista speciale!!!<\/em><\/p>\n<p><em>\u00a0<\/em><\/p>\n<p><em>Un saluto a tutti e tantissimi auguri alla mia mammetta.<\/em><\/p>\n<p><em>\u00a0<\/em><\/p>\n<p><em>Romano<\/em><\/p>\n<p>&nbsp;<\/p>\n<blockquote class=\"wp-embedded-content\" data-secret=\"b1u1o0ZXJq\"><p><a href=\"https:\/\/www.romanopisciotti.com\/index.php\/2018\/12\/14\/angeli\/\">Angeli<\/a><\/p><\/blockquote>\n<p><iframe loading=\"lazy\" class=\"wp-embedded-content\" sandbox=\"allow-scripts\" security=\"restricted\" style=\"position: absolute; clip: rect(1px, 1px, 1px, 1px);\" title=\"&#8220;Angeli&#8221; &#8212; Romano Pisciotti Industrial &amp; Business Management\" src=\"https:\/\/www.romanopisciotti.com\/index.php\/2018\/12\/14\/angeli\/embed\/#?secret=d4rq8vqKOJ#?secret=b1u1o0ZXJq\" data-secret=\"b1u1o0ZXJq\" width=\"600\" height=\"338\" frameborder=\"0\" marginwidth=\"0\" marginheight=\"0\" scrolling=\"no\"><\/iframe><\/p>\n<blockquote class=\"wp-embedded-content\" data-secret=\"PaUEtwoVCi\"><p><a href=\"https:\/\/www.romanopisciotti.com\/index.php\/2021\/01\/17\/ivana\/\">IVANA<\/a><\/p><\/blockquote>\n<p><iframe loading=\"lazy\" class=\"wp-embedded-content\" sandbox=\"allow-scripts\" security=\"restricted\" style=\"position: absolute; clip: rect(1px, 1px, 1px, 1px);\" title=\"&#8220;IVANA&#8221; &#8212; Romano Pisciotti Industrial &amp; Business Management\" src=\"https:\/\/www.romanopisciotti.com\/index.php\/2021\/01\/17\/ivana\/embed\/#?secret=a8ZRsR3frY#?secret=PaUEtwoVCi\" data-secret=\"PaUEtwoVCi\" width=\"600\" height=\"338\" frameborder=\"0\" marginwidth=\"0\" marginheight=\"0\" scrolling=\"no\"><\/iframe><\/p>\n<p>Romano Pisciotti<\/p>\n","protected":false},"excerpt":{"rendered":"<p>SALUTI DA LOANO In Settembre andavamo a Loano, erano gli anni &#8217;50. Nella stazione di Genova il locomotore milanese lasciava il posto a una nera locomotiva a vapore: fischi, fumo e fuliggine. Incantato, riuscivo a scorgere il porto, le bianche navi con il tricolore dipinto sul fumaiolo\u2026 poi, gallerie interminabili, inghiottivano la luce con i &hellip; <a href=\"https:\/\/www.romanopisciotti.com\/index.php\/racconti\/\" class=\"more-link\">Continua a leggere <span class=\"screen-reader-text\">RACCONTI<\/span><\/a><\/p>\n","protected":false},"author":1,"featured_media":650,"parent":0,"menu_order":0,"comment_status":"closed","ping_status":"closed","template":"","meta":{"footnotes":""},"class_list":["post-623","page","type-page","status-publish","has-post-thumbnail","hentry"],"_links":{"self":[{"href":"https:\/\/www.romanopisciotti.com\/index.php\/wp-json\/wp\/v2\/pages\/623","targetHints":{"allow":["GET"]}}],"collection":[{"href":"https:\/\/www.romanopisciotti.com\/index.php\/wp-json\/wp\/v2\/pages"}],"about":[{"href":"https:\/\/www.romanopisciotti.com\/index.php\/wp-json\/wp\/v2\/types\/page"}],"author":[{"embeddable":true,"href":"https:\/\/www.romanopisciotti.com\/index.php\/wp-json\/wp\/v2\/users\/1"}],"replies":[{"embeddable":true,"href":"https:\/\/www.romanopisciotti.com\/index.php\/wp-json\/wp\/v2\/comments?post=623"}],"version-history":[{"count":15,"href":"https:\/\/www.romanopisciotti.com\/index.php\/wp-json\/wp\/v2\/pages\/623\/revisions"}],"predecessor-version":[{"id":6421,"href":"https:\/\/www.romanopisciotti.com\/index.php\/wp-json\/wp\/v2\/pages\/623\/revisions\/6421"}],"wp:featuredmedia":[{"embeddable":true,"href":"https:\/\/www.romanopisciotti.com\/index.php\/wp-json\/wp\/v2\/media\/650"}],"wp:attachment":[{"href":"https:\/\/www.romanopisciotti.com\/index.php\/wp-json\/wp\/v2\/media?parent=623"}],"curies":[{"name":"wp","href":"https:\/\/api.w.org\/{rel}","templated":true}]}}